{"id":22,"date":"2022-11-08T12:32:00","date_gmt":"2022-11-08T11:32:00","guid":{"rendered":"http:\/\/consulsen-bordeaux.gouv.sn\/?page_id=22"},"modified":"2022-11-14T10:57:33","modified_gmt":"2022-11-14T09:57:33","slug":"demande-de-passeport","status":"publish","type":"page","link":"https:\/\/consulsen-bordeaux.gouv.sn\/?page_id=22","title":{"rendered":"DEMANDE DE PASSEPORT"},"content":{"rendered":"\n<h3 class=\"wp-block-heading\"><strong>Documents \u00e0 fournir pour une premi\u00e8re demande de passeport biom\u00e9trique<\/strong><\/h3>\n\n\n\n<p><strong>VOUS AVEZ PLUS DE 18 ANS<\/strong><\/p>\n\n\n\n<ul class=\"wp-block-list\">\n<li>Carte nationale d\u2019identit\u00e9 biom\u00e9trique CEDEAO (Originale + une copie)<\/li>\n\n\n\n<li>Certificat de nationalit\u00e9 + copie de la carte nationale d\u2019identit\u00e9 num\u00e9ris\u00e9e du parent p\u00e9titionnaire&nbsp;<\/li>\n\n\n\n<li>Un justificatif de domicile (Facture EDF, quittance de loyer etc\u2026)<\/li>\n\n\n\n<li>Un timbre d\u2019une valeur de 30,50 euros (paiement sur place,&nbsp;<strong>en esp\u00e8ce ou par carte bancaire<\/strong>)<\/li>\n<\/ul>\n\n\n\n<p><strong>POUR LES MINEURS ENTRE 5 ET 17ANS<\/strong><\/p>\n\n\n\n<ul class=\"wp-block-list\">\n<li>la carte nationale d\u2019identit\u00e9 biom\u00e9trique CEDEAO du demandeur (Originale + une copie)<\/li>\n\n\n\n<li>Extrait de naissance de moins d\u2019un an<\/li>\n\n\n\n<li><a href=\"http:\/\/consulsen-bordeaux.gouv.sn\/wp-content\/uploads\/2022\/11\/AUTORISATION-PARENTALE.pdf\" target=\"_blank\" rel=\"noreferrer noopener\">Autorisation parentale<\/a>\u00a0<strong>sign\u00e9e et l\u00e9galis\u00e9e\u00a0<\/strong>du p\u00e8re\u00a0(ou de la m\u00e8re si celle-ci exerce l\u2019autorit\u00e9 parentale suite \u00e0 une d\u00e9cision judiciaire)<\/li>\n\n\n\n<li>Pi\u00e8ce d\u2019identit\u00e9 s\u00e9n\u00e9galaise du parent autorisant (copie recto\/verso)<\/li>\n\n\n\n<li>Justificatif de domicile (Facture EDF, quittance de loyer etc\u2026)<\/li>\n\n\n\n<li>Un timbre d\u2019une valeur de 30,50 euros (paiement sur place,&nbsp;<strong>en esp\u00e8ce ou par carte bancaire<\/strong>)<\/li>\n<\/ul>\n\n\n\n<p><strong>POUR L\u2019ENFANT \u00c2G\u00c9 DE 0 \u00c0 5ANS<\/strong><\/p>\n\n\n\n<ul class=\"wp-block-list\">\n<li>La fiche d\u2019immatriculation nationale (d\u00e9livr\u00e9e par le service carte nationale d\u2019identit\u00e9)<\/li>\n\n\n\n<li>Extrait de naissance de moins d\u2019un an&nbsp;<\/li>\n\n\n\n<li><a href=\"http:\/\/consulsen-bordeaux.gouv.sn\/wp-content\/uploads\/2022\/11\/AUTORISATION-PARENTALE.pdf\" target=\"_blank\" rel=\"noreferrer noopener\">Autorisation parentale<\/a>\u00a0<strong>sign\u00e9e et l\u00e9galis\u00e9e<\/strong>\u00a0du p\u00e8re (ou de la m\u00e8re si celle-ci exerce l\u2019autorit\u00e9 parentale suite \u00e0 une d\u00e9cision judiciaire)<\/li>\n\n\n\n<li>Pi\u00e8ce d\u2019identit\u00e9 s\u00e9n\u00e9galaise du parent autorisant (copie recto\/verso)<\/li>\n\n\n\n<li>Justificatif de domicile (Facture EDF, quittance de loyer etc\u2026)<\/li>\n\n\n\n<li>Un timbre d\u2019une valeur de 30,50 euros (paiement sur place,&nbsp;<strong>en esp\u00e8ce ou par carte bancaire<\/strong>)<\/li>\n<\/ul>\n\n\n\n<p><strong>NOTE&nbsp;:<\/strong><\/p>\n\n\n\n<p>Le d\u00e9lai de d\u00e9livrance d\u2019un passeport biom\u00e9trique ordinaire est en moyenne de 10 jours ouvr\u00e9s (les urgences peuvent \u00eatre g\u00e9r\u00e9es au cas par cas le jour J).<br>Validit\u00e9 du passeport&nbsp;:<br>La validit\u00e9 du passeport biom\u00e9trique est de 5 ans.<br><br><strong>Horaires de d\u00e9p\u00f4t&nbsp;: De 9h00 \u00e0 12h00<\/strong><\/p>\n\n\n\n<p><br><br><\/p>\n","protected":false},"excerpt":{"rendered":"<p>Documents \u00e0 fournir pour une premi\u00e8re demande de passeport biom\u00e9trique VOUS AVEZ PLUS DE 18 ANS POUR LES MINEURS ENTRE 5 ET 17ANS POUR L\u2019ENFANT \u00c2G\u00c9 DE 0 \u00c0 5ANS NOTE&nbsp;: Le d\u00e9lai de&#46;&#46;&#46;<\/p>\n","protected":false},"author":1,"featured_media":0,"parent":0,"menu_order":0,"comment_status":"closed","ping_status":"closed","template":"","meta":{"footnotes":""},"class_list":["post-22","page","type-page","status-publish","hentry"],"_links":{"self":[{"href":"https:\/\/consulsen-bordeaux.gouv.sn\/index.php?rest_route=\/wp\/v2\/pages\/22","targetHints":{"allow":["GET"]}}],"collection":[{"href":"https:\/\/consulsen-bordeaux.gouv.sn\/index.php?rest_route=\/wp\/v2\/pages"}],"about":[{"href":"https:\/\/consulsen-bordeaux.gouv.sn\/index.php?rest_route=\/wp\/v2\/types\/page"}],"author":[{"embeddable":true,"href":"https:\/\/consulsen-bordeaux.gouv.sn\/index.php?rest_route=\/wp\/v2\/users\/1"}],"replies":[{"embeddable":true,"href":"https:\/\/consulsen-bordeaux.gouv.sn\/index.php?rest_route=%2Fwp%2Fv2%2Fcomments&post=22"}],"version-history":[{"count":3,"href":"https:\/\/consulsen-bordeaux.gouv.sn\/index.php?rest_route=\/wp\/v2\/pages\/22\/revisions"}],"predecessor-version":[{"id":181,"href":"https:\/\/consulsen-bordeaux.gouv.sn\/index.php?rest_route=\/wp\/v2\/pages\/22\/revisions\/181"}],"wp:attachment":[{"href":"https:\/\/consulsen-bordeaux.gouv.sn\/index.php?rest_route=%2Fwp%2Fv2%2Fmedia&parent=22"}],"curies":[{"name":"wp","href":"https:\/\/api.w.org\/{rel}","templated":true}]}}