{"id":28,"date":"2022-11-08T12:34:21","date_gmt":"2022-11-08T11:34:21","guid":{"rendered":"http:\/\/consulsen-bordeaux.gouv.sn\/?page_id=28"},"modified":"2022-11-16T10:20:39","modified_gmt":"2022-11-16T09:20:39","slug":"sauf-conduit","status":"publish","type":"page","link":"https:\/\/consulsen-bordeaux.gouv.sn\/?page_id=28","title":{"rendered":"SAUF-CONDUIT"},"content":{"rendered":"\n<p><strong>Le sauf-conduit est un document de voyage d\u00e9livr\u00e9 exceptionnellement \u00e0 un S\u00e9n\u00e9galais qui ne dispose pas d\u2019un autre document valable.<\/strong><\/p>\n\n\n\n<p>Il est valable pour un voyage all\u00e9 simple de l\u2019\u00e9tranger vers le S\u00e9n\u00e9gal.<br>Note&nbsp;: Le sauf-conduit doit \u00eatre demand\u00e9 au plut\u00f4t 10 jours avant votre d\u00e9part<\/p>\n\n\n\n<p><strong>Documents \u00e0 fournir&nbsp;:<\/strong><\/p>\n\n\n\n<ul class=\"wp-block-list\">\n<li>Photocopie du passeport, de la carte d\u2019identit\u00e9 s\u00e9n\u00e9galaise ou de la carte consulaire (l\u2019original de la pi\u00e8ce devra \u00eatre pr\u00e9sent\u00e9)<\/li>\n\n\n\n<li>Photocopie du billet d\u2019avion ou de la r\u00e9servation<\/li>\n\n\n\n<li>&nbsp;Titre de s\u00e9jour + photocopie<\/li>\n\n\n\n<li>3 photos d\u2019identit\u00e9                                                                                                                                                           <strong>Pour les enfants mineurs<\/strong><\/li>\n<\/ul>\n\n\n\n<ul class=\"wp-block-list\">\n<li>Extrait d\u2019acte de naissance transcrit au consulat<\/li>\n\n\n\n<li>&nbsp;Photocopie de la pi\u00e8ce d\u2019identit\u00e9 s\u00e9n\u00e9galaise du p\u00e8re<\/li>\n\n\n\n<li>Photocopie du billet d\u2019avion ou de la r\u00e9servation<\/li>\n\n\n\n<li>Autorisation parentale&nbsp;<strong>sign\u00e9e et l\u00e9galis\u00e9e<\/strong>&nbsp;par le p\u00e8re (Mod\u00e8le ci-apr\u00e8s )<\/li>\n<\/ul>\n\n\n\n<p><a href=\"http:\/\/consulsen-bordeaux.gouv.sn\/wp-content\/uploads\/2022\/11\/AUTORISATION-PARENTALE.pdf\">AUTORISATION PARENTALE<\/a><\/p>\n\n\n\n<ul class=\"wp-block-list\">\n<li>Titre r\u00e9publicain ou titre de circulation<\/li>\n\n\n\n<li>photos d\u2019identit\u00e9<\/li>\n<\/ul>\n\n\n\n<p><strong>FORMULAIRE&nbsp;:<\/strong><\/p>\n\n\n\n<p><strong>&nbsp;Il vous est demand\u00e9 d\u2019imprimer et remplir le formulaire ci-dessous avant de vous pr\u00e9senter au Consulat<br>Formulaire de demande de sauf-conduit<\/strong>&nbsp;:<\/p>\n\n\n\n<p class=\"has-text-align-center\">Formulaire Sauf conduit<\/p>\n","protected":false},"excerpt":{"rendered":"<p>Le sauf-conduit est un document de voyage d\u00e9livr\u00e9 exceptionnellement \u00e0 un S\u00e9n\u00e9galais qui ne dispose pas d\u2019un autre document valable. Il est valable pour un voyage all\u00e9 simple de l\u2019\u00e9tranger vers le S\u00e9n\u00e9gal.Note&nbsp;: Le&#46;&#46;&#46;<\/p>\n","protected":false},"author":1,"featured_media":0,"parent":0,"menu_order":0,"comment_status":"closed","ping_status":"closed","template":"","meta":{"footnotes":""},"class_list":["post-28","page","type-page","status-publish","hentry"],"_links":{"self":[{"href":"https:\/\/consulsen-bordeaux.gouv.sn\/index.php?rest_route=\/wp\/v2\/pages\/28","targetHints":{"allow":["GET"]}}],"collection":[{"href":"https:\/\/consulsen-bordeaux.gouv.sn\/index.php?rest_route=\/wp\/v2\/pages"}],"about":[{"href":"https:\/\/consulsen-bordeaux.gouv.sn\/index.php?rest_route=\/wp\/v2\/types\/page"}],"author":[{"embeddable":true,"href":"https:\/\/consulsen-bordeaux.gouv.sn\/index.php?rest_route=\/wp\/v2\/users\/1"}],"replies":[{"embeddable":true,"href":"https:\/\/consulsen-bordeaux.gouv.sn\/index.php?rest_route=%2Fwp%2Fv2%2Fcomments&post=28"}],"version-history":[{"count":5,"href":"https:\/\/consulsen-bordeaux.gouv.sn\/index.php?rest_route=\/wp\/v2\/pages\/28\/revisions"}],"predecessor-version":[{"id":219,"href":"https:\/\/consulsen-bordeaux.gouv.sn\/index.php?rest_route=\/wp\/v2\/pages\/28\/revisions\/219"}],"wp:attachment":[{"href":"https:\/\/consulsen-bordeaux.gouv.sn\/index.php?rest_route=%2Fwp%2Fv2%2Fmedia&parent=28"}],"curies":[{"name":"wp","href":"https:\/\/api.w.org\/{rel}","templated":true}]}}