{"id":34,"date":"2022-11-08T12:37:03","date_gmt":"2022-11-08T11:37:03","guid":{"rendered":"http:\/\/consulsen-bordeaux.gouv.sn\/?page_id=34"},"modified":"2022-11-09T12:50:44","modified_gmt":"2022-11-09T11:50:44","slug":"certificat-de-coutume","status":"publish","type":"page","link":"https:\/\/consulsen-bordeaux.gouv.sn\/?page_id=34","title":{"rendered":"CERTIFICAT DE COUTUME"},"content":{"rendered":"\n<p><strong>DOCUMENTS \u00c0 FOURNIR<\/strong><\/p>\n\n\n\n<ul class=\"wp-block-list\">\n<li>Extrait d\u2019acte de Naissance avec filiation (ORIGINAL) de moins de trois mois, d\u00e9livr\u00e9 par votre MAIRIE DE NAISSANCE<\/li>\n\n\n\n<li>Certificat de C\u00e9libat (Original + Copie) de moins de trois mois, d\u00e9livr\u00e9 par votre MAIRIE DE NAISSANCE<\/li>\n\n\n\n<li>Certificat de NON- REMARIAGE (Original + Copie) de moins de trois mois, d\u00e9livr\u00e9 par votre MAIRIE DE NAISSANCE avec le JUGEMENT DE DIVORCE (Original + Copie) SI DIVORC\u00c9 (E), ou acte de d\u00e9c\u00e8s du ou de la d\u00e9funt (e) \u00e9poux (se) SI VEUF (VE)<\/li>\n\n\n\n<li>Carte NATIONALE d\u2019Identit\u00e9 ou passeport, EN COURS DE VALIDITE (Original + Copie)<br>IMPORTANT&nbsp;: VEUILLEZ PRENDRE LE TEMPS DE TOUT LIRE&nbsp;!<\/li>\n\n\n\n<li>La PRESENCE des deux futurs \u00e9poux est OBLIGATOIRE pour la constitution du dossier MEME SI l\u2019un d\u2019eux est de NATIONALIT\u00c9 \u00c9TRANG\u00c8RE.<\/li>\n\n\n\n<li>Les documents \u00e0 fournir sont requis pour TOUS LES DEUX \u00e9galement.<\/li>\n\n\n\n<li>Le cas \u00e9ch\u00e9ant, si le ou la conjointe \u00e9tranger (e) est EUROPEEN (NE) ou AMERICAIN (NE), son ACTE DE NAISSANCE ORIGINAL de moins de trois mois et sa pi\u00e8ce d\u2019Identit\u00e9 (Copie et Original) suffisent. (NB&nbsp;: Si l\u2019acte de naissance n\u2019est pas \u00e9tabli en fran\u00e7ais, sa TRADUCTION ASSERMENT\u00c9E est obligatoire).<\/li>\n\n\n\n<li>Ledit certificat vous sera remis seulement apr\u00e8s un d\u00e9lai de PUBLICATION OBLIGATOIRE DE 21 JOURS, \u00e0 compter de la date du d\u00e9p\u00f4t du dossier physique. Pour le retrait, l\u2019un des int\u00e9ress\u00e9s pourra se pr\u00e9senter avec sa pi\u00e8ce d\u2019identit\u00e9. Cependant si le d\u00e9placement s\u2019av\u00e8re difficile pour le retrait, vous pouvez joindre une enveloppe timbr\u00e9e libell\u00e9e \u00e0 votre adresse, le jour du d\u00e9p\u00f4t du dossier.<\/li>\n\n\n\n<li>Les futurs \u00e9poux optant pour le r\u00e9gime de la SEPARATION DES BIENS doivent OBLIGATOIREMENT pr\u00e9senter UN CONTRAT DE MARIAGE ou, \u00e0 d\u00e9faut, une ATTESTATION de d\u00e9p\u00f4t de dossier, \u00e9tablie par un NOTAIRE habilit\u00e9.<\/li>\n\n\n\n<li>Vos documents d\u2019Etat-Civil (EXTRAIT DE NAISSANCE, CERTIFICAT DE CELIBAT, CERTIFICAT DE NON-REMARIAGE\u2026) sont \u00e0 demander exclusivement au niveau de la MAIRIE DE VOTRE LIEU DE NAISSANCE ou \u00e0 la Chancellerie du minist\u00e8re des Affaires Etrang\u00e8res pour les S\u00c9N\u00c9GALAIS N\u00c9S \u00c0 L\u2019\u00c9TRANGER.<\/li>\n\n\n\n<li>Les Originaux de vos extraits de naissance ne vous seront pas rendus. Par cons\u00e9quent, \u00e0 vous d\u2019en faire \u00e9tablir au moins 2 exemplaires de chaque, puisqu\u2019ils vous seront aussi demand\u00e9s \u00e0 la Mairie.<\/li>\n<\/ul>\n","protected":false},"excerpt":{"rendered":"<p>DOCUMENTS \u00c0 FOURNIR<\/p>\n","protected":false},"author":1,"featured_media":0,"parent":0,"menu_order":0,"comment_status":"closed","ping_status":"closed","template":"","meta":{"footnotes":""},"class_list":["post-34","page","type-page","status-publish","hentry"],"_links":{"self":[{"href":"https:\/\/consulsen-bordeaux.gouv.sn\/index.php?rest_route=\/wp\/v2\/pages\/34","targetHints":{"allow":["GET"]}}],"collection":[{"href":"https:\/\/consulsen-bordeaux.gouv.sn\/index.php?rest_route=\/wp\/v2\/pages"}],"about":[{"href":"https:\/\/consulsen-bordeaux.gouv.sn\/index.php?rest_route=\/wp\/v2\/types\/page"}],"author":[{"embeddable":true,"href":"https:\/\/consulsen-bordeaux.gouv.sn\/index.php?rest_route=\/wp\/v2\/users\/1"}],"replies":[{"embeddable":true,"href":"https:\/\/consulsen-bordeaux.gouv.sn\/index.php?rest_route=%2Fwp%2Fv2%2Fcomments&post=34"}],"version-history":[{"count":2,"href":"https:\/\/consulsen-bordeaux.gouv.sn\/index.php?rest_route=\/wp\/v2\/pages\/34\/revisions"}],"predecessor-version":[{"id":136,"href":"https:\/\/consulsen-bordeaux.gouv.sn\/index.php?rest_route=\/wp\/v2\/pages\/34\/revisions\/136"}],"wp:attachment":[{"href":"https:\/\/consulsen-bordeaux.gouv.sn\/index.php?rest_route=%2Fwp%2Fv2%2Fmedia&parent=34"}],"curies":[{"name":"wp","href":"https:\/\/api.w.org\/{rel}","templated":true}]}}