{"id":44,"date":"2022-11-08T13:01:46","date_gmt":"2022-11-08T12:01:46","guid":{"rendered":"http:\/\/consulsen-bordeaux.gouv.sn\/?page_id=44"},"modified":"2022-11-09T12:56:20","modified_gmt":"2022-11-09T11:56:20","slug":"fiche-individuelle-detat-civil","status":"publish","type":"page","link":"https:\/\/consulsen-bordeaux.gouv.sn\/?page_id=44","title":{"rendered":"FICHE INDIVIDUELLE D&rsquo;\u00c9TAT CIVIL"},"content":{"rendered":"\n<p><strong>DOCUMENTS \u00c0 FOURNIR<\/strong><\/p>\n\n\n\n<ul class=\"wp-block-list\">\n<li>Soit la Carte nationale d\u2019identit\u00e9 plus acte de naissance.<\/li>\n\n\n\n<li>Soit le passeport plus acte de naissance,<br><br>Nature de la pi\u00e8ce d\u00e9livr\u00e9e :&nbsp;<strong>Fiche individuelle d\u2019\u00e9tat civil<\/strong><\/li>\n<\/ul>\n","protected":false},"excerpt":{"rendered":"<p>DOCUMENTS \u00c0 FOURNIR<\/p>\n","protected":false},"author":1,"featured_media":0,"parent":0,"menu_order":0,"comment_status":"closed","ping_status":"closed","template":"","meta":{"footnotes":""},"class_list":["post-44","page","type-page","status-publish","hentry"],"_links":{"self":[{"href":"https:\/\/consulsen-bordeaux.gouv.sn\/index.php?rest_route=\/wp\/v2\/pages\/44","targetHints":{"allow":["GET"]}}],"collection":[{"href":"https:\/\/consulsen-bordeaux.gouv.sn\/index.php?rest_route=\/wp\/v2\/pages"}],"about":[{"href":"https:\/\/consulsen-bordeaux.gouv.sn\/index.php?rest_route=\/wp\/v2\/types\/page"}],"author":[{"embeddable":true,"href":"https:\/\/consulsen-bordeaux.gouv.sn\/index.php?rest_route=\/wp\/v2\/users\/1"}],"replies":[{"embeddable":true,"href":"https:\/\/consulsen-bordeaux.gouv.sn\/index.php?rest_route=%2Fwp%2Fv2%2Fcomments&post=44"}],"version-history":[{"count":2,"href":"https:\/\/consulsen-bordeaux.gouv.sn\/index.php?rest_route=\/wp\/v2\/pages\/44\/revisions"}],"predecessor-version":[{"id":140,"href":"https:\/\/consulsen-bordeaux.gouv.sn\/index.php?rest_route=\/wp\/v2\/pages\/44\/revisions\/140"}],"wp:attachment":[{"href":"https:\/\/consulsen-bordeaux.gouv.sn\/index.php?rest_route=%2Fwp%2Fv2%2Fmedia&parent=44"}],"curies":[{"name":"wp","href":"https:\/\/api.w.org\/{rel}","templated":true}]}}