{"id":47,"date":"2022-11-08T13:02:44","date_gmt":"2022-11-08T12:02:44","guid":{"rendered":"http:\/\/consulsen-bordeaux.gouv.sn\/?page_id=47"},"modified":"2022-11-09T12:57:50","modified_gmt":"2022-11-09T11:57:50","slug":"attestation-sur-lhonneur","status":"publish","type":"page","link":"https:\/\/consulsen-bordeaux.gouv.sn\/?page_id=47","title":{"rendered":"ATTESTATION SUR L&rsquo;HONNEUR"},"content":{"rendered":"\n<p><strong>DOCUMENTS \u00c0 FOURNIR<\/strong><\/p>\n\n\n\n<ul class=\"wp-block-list\">\n<li>Livret de famille,<\/li>\n\n\n\n<li>Acte de mariage datant de moins de trois mois<\/li>\n\n\n\n<li>Acte de naissance de l\u2019\u00e9poux<\/li>\n\n\n\n<li>Pi\u00e8ce d\u2019identit\u00e9 s\u00e9n\u00e9galaise en cours de validit\u00e9 (faire une copie de tous ces documents en deux exemplaires)<\/li>\n<\/ul>\n\n\n\n<p>Co\u00fbt&nbsp;:&nbsp;<strong>Gratuit<\/strong><\/p>\n\n\n\n<p>Nature de la pi\u00e8ce d\u00e9livr\u00e9e&nbsp;: Attestation sur l\u2019honneur<\/p>\n","protected":false},"excerpt":{"rendered":"<p>DOCUMENTS \u00c0 FOURNIR Co\u00fbt&nbsp;:&nbsp;Gratuit Nature de la pi\u00e8ce d\u00e9livr\u00e9e&nbsp;: Attestation sur l\u2019honneur<\/p>\n","protected":false},"author":1,"featured_media":0,"parent":0,"menu_order":0,"comment_status":"closed","ping_status":"closed","template":"","meta":{"footnotes":""},"class_list":["post-47","page","type-page","status-publish","hentry"],"_links":{"self":[{"href":"https:\/\/consulsen-bordeaux.gouv.sn\/index.php?rest_route=\/wp\/v2\/pages\/47","targetHints":{"allow":["GET"]}}],"collection":[{"href":"https:\/\/consulsen-bordeaux.gouv.sn\/index.php?rest_route=\/wp\/v2\/pages"}],"about":[{"href":"https:\/\/consulsen-bordeaux.gouv.sn\/index.php?rest_route=\/wp\/v2\/types\/page"}],"author":[{"embeddable":true,"href":"https:\/\/consulsen-bordeaux.gouv.sn\/index.php?rest_route=\/wp\/v2\/users\/1"}],"replies":[{"embeddable":true,"href":"https:\/\/consulsen-bordeaux.gouv.sn\/index.php?rest_route=%2Fwp%2Fv2%2Fcomments&post=47"}],"version-history":[{"count":2,"href":"https:\/\/consulsen-bordeaux.gouv.sn\/index.php?rest_route=\/wp\/v2\/pages\/47\/revisions"}],"predecessor-version":[{"id":141,"href":"https:\/\/consulsen-bordeaux.gouv.sn\/index.php?rest_route=\/wp\/v2\/pages\/47\/revisions\/141"}],"wp:attachment":[{"href":"https:\/\/consulsen-bordeaux.gouv.sn\/index.php?rest_route=%2Fwp%2Fv2%2Fmedia&parent=47"}],"curies":[{"name":"wp","href":"https:\/\/api.w.org\/{rel}","templated":true}]}}