{"id":63,"date":"2022-11-08T14:58:42","date_gmt":"2022-11-08T13:58:42","guid":{"rendered":"http:\/\/consulsen-bordeaux.gouv.sn\/?page_id=63"},"modified":"2022-11-08T15:06:48","modified_gmt":"2022-11-08T14:06:48","slug":"mission","status":"publish","type":"page","link":"https:\/\/consulsen-bordeaux.gouv.sn\/?page_id=63","title":{"rendered":"MISSION"},"content":{"rendered":"\n<p>Le Consulat g\u00e9n\u00e9ral du S\u00e9n\u00e9gal \u00e0 Bordeaux  a pour mission d&rsquo;offrir des services administratifs aux ressortissants S\u00e9n\u00e9galais r\u00e9sidant ou de passage dans sa circonscription consulaire , de leur permettre d\u2019exercer leur citoyennet\u00e9, d\u2019assurer leur protection consulaire et de d\u00e9livrer des visas aux ressortissants \u00e9trangers r\u00e9sidant en France et souhaitant se rendre au S\u00e9n\u00e9gal. Il est \u00e9galement le relais de l\u2019Ambassade dans la circonscription, dans le domaine de la diplomatie \u00e9conomique notamment.<\/p>\n","protected":false},"excerpt":{"rendered":"<p>Le Consulat g\u00e9n\u00e9ral du S\u00e9n\u00e9gal \u00e0 Bordeaux a pour mission d&rsquo;offrir des services administratifs aux ressortissants S\u00e9n\u00e9galais r\u00e9sidant ou de passage dans sa circonscription consulaire , de leur permettre d\u2019exercer leur citoyennet\u00e9, d\u2019assurer leur&#46;&#46;&#46;<\/p>\n","protected":false},"author":1,"featured_media":0,"parent":0,"menu_order":0,"comment_status":"closed","ping_status":"closed","template":"","meta":{"footnotes":""},"class_list":["post-63","page","type-page","status-publish","hentry"],"_links":{"self":[{"href":"https:\/\/consulsen-bordeaux.gouv.sn\/index.php?rest_route=\/wp\/v2\/pages\/63","targetHints":{"allow":["GET"]}}],"collection":[{"href":"https:\/\/consulsen-bordeaux.gouv.sn\/index.php?rest_route=\/wp\/v2\/pages"}],"about":[{"href":"https:\/\/consulsen-bordeaux.gouv.sn\/index.php?rest_route=\/wp\/v2\/types\/page"}],"author":[{"embeddable":true,"href":"https:\/\/consulsen-bordeaux.gouv.sn\/index.php?rest_route=\/wp\/v2\/users\/1"}],"replies":[{"embeddable":true,"href":"https:\/\/consulsen-bordeaux.gouv.sn\/index.php?rest_route=%2Fwp%2Fv2%2Fcomments&post=63"}],"version-history":[{"count":3,"href":"https:\/\/consulsen-bordeaux.gouv.sn\/index.php?rest_route=\/wp\/v2\/pages\/63\/revisions"}],"predecessor-version":[{"id":72,"href":"https:\/\/consulsen-bordeaux.gouv.sn\/index.php?rest_route=\/wp\/v2\/pages\/63\/revisions\/72"}],"wp:attachment":[{"href":"https:\/\/consulsen-bordeaux.gouv.sn\/index.php?rest_route=%2Fwp%2Fv2%2Fmedia&parent=63"}],"curies":[{"name":"wp","href":"https:\/\/api.w.org\/{rel}","templated":true}]}}