{"id":78,"date":"2022-11-08T15:28:34","date_gmt":"2022-11-08T14:28:34","guid":{"rendered":"http:\/\/consulsen-bordeaux.gouv.sn\/?page_id=78"},"modified":"2022-11-08T15:28:34","modified_gmt":"2022-11-08T14:28:34","slug":"demande-de-carte-didentite","status":"publish","type":"page","link":"https:\/\/consulsen-bordeaux.gouv.sn\/?page_id=78","title":{"rendered":"DEMANDE DE CARTE D&rsquo;IDENTITE"},"content":{"rendered":"\n<p><strong>Si vous avez eu une carte d\u2019identit\u00e9 num\u00e9rique&nbsp;:<\/strong><\/p>\n\n\n\n<ul class=\"wp-block-list\">\n<li>Votre pi\u00e8ce d\u2019identit\u00e9 num\u00e9ris\u00e9e originale (plus photocopie)<\/li>\n\n\n\n<li>Un justificatif de domicile (facture EDF, GDF, Internet, quittance de loyer )<br>requis<\/li>\n<\/ul>\n\n\n\n<p><strong>Vous n\u2019avez jamais eu une carte d\u2019identit\u00e9 num\u00e9rique ou biom\u00e9trique :<\/strong><\/p>\n\n\n\n<ul class=\"wp-block-list\">\n<li><strong>Si vous \u00eates n\u00e9 au S\u00e9n\u00e9gal<\/strong><\/li>\n<\/ul>\n\n\n\n<p>\u2013 Un extrait de naissance orignal de moins de 12 mois<br>\u2013 Un certificat de nationalit\u00e9 orignal<br>\u2013 Un justificatif de domicile (facture EDF, GDF, Internet, quittance de loyer)<\/p>\n\n\n\n<ul class=\"wp-block-list\">\n<li><strong>Si vous \u00eates n\u00e9 en France (ou dans un autre pays \u00e9tranger)<\/strong><\/li>\n<\/ul>\n\n\n\n<p>\u2013 Un extrait de naissance&nbsp;transcrit&nbsp;orignal de moins de 12 mois&nbsp;voir&nbsp;<a rel=\"noreferrer noopener\" href=\"http:\/\/consulsen-paris.gouv.sn\/transcription-dactes-detat-cvil\/\" target=\"_blank\">ici<\/a><br>\u2013 Une pi\u00e8ce d\u2019identit\u00e9 s\u00e9n\u00e9galaise ou un passeport orignal en cours de validit\u00e9 du p\u00e8re ou de la m\u00e8re (plus photocopie).<br>\u2013 Un justificatif de domicile (facture EDF, GDF, Internet, quittance de loyer)<\/p>\n\n\n\n<p>\u2013 Un certificat de nationalit\u00e9 si vous avez 15 ans ou plus<\/p>\n\n\n\n<ul class=\"wp-block-list\">\n<li>Si Perte\/demande de duplicata de votre CNI biom\u00e9trique CEDEAO + timbre de 15.5 euros.<\/li>\n<\/ul>\n\n\n\n<p>Dossier \u00e0 constituer:<\/p>\n\n\n\n<ul class=\"wp-block-list\">\n<li>Certificat de perte d\u00e9livr\u00e9 par la police du lieu de r\u00e9sidence<\/li>\n\n\n\n<li>Extrait de naissance de moins de 12 mois orignal<\/li>\n<\/ul>\n\n\n\n<p>Si vous avez fait un jugement<\/p>\n\n\n\n<p><strong>Pour les personnes qui ont des jugements de 2020, 2021 ou 2022&nbsp;: Il faut imp\u00e9rativement pr\u00e9senter les documents du jugement d\u00e9livr\u00e9s par le tribunal (autorisation du jugement et l\u2019extrait des minutes du greffe)<\/strong><\/p>\n","protected":false},"excerpt":{"rendered":"<p>Si vous avez eu une carte d\u2019identit\u00e9 num\u00e9rique&nbsp;: Vous n\u2019avez jamais eu une carte d\u2019identit\u00e9 num\u00e9rique ou biom\u00e9trique : \u2013 Un extrait de naissance orignal de moins de 12 mois\u2013 Un certificat de nationalit\u00e9&#46;&#46;&#46;<\/p>\n","protected":false},"author":1,"featured_media":0,"parent":0,"menu_order":0,"comment_status":"closed","ping_status":"closed","template":"","meta":{"footnotes":""},"class_list":["post-78","page","type-page","status-publish","hentry"],"_links":{"self":[{"href":"https:\/\/consulsen-bordeaux.gouv.sn\/index.php?rest_route=\/wp\/v2\/pages\/78","targetHints":{"allow":["GET"]}}],"collection":[{"href":"https:\/\/consulsen-bordeaux.gouv.sn\/index.php?rest_route=\/wp\/v2\/pages"}],"about":[{"href":"https:\/\/consulsen-bordeaux.gouv.sn\/index.php?rest_route=\/wp\/v2\/types\/page"}],"author":[{"embeddable":true,"href":"https:\/\/consulsen-bordeaux.gouv.sn\/index.php?rest_route=\/wp\/v2\/users\/1"}],"replies":[{"embeddable":true,"href":"https:\/\/consulsen-bordeaux.gouv.sn\/index.php?rest_route=%2Fwp%2Fv2%2Fcomments&post=78"}],"version-history":[{"count":1,"href":"https:\/\/consulsen-bordeaux.gouv.sn\/index.php?rest_route=\/wp\/v2\/pages\/78\/revisions"}],"predecessor-version":[{"id":80,"href":"https:\/\/consulsen-bordeaux.gouv.sn\/index.php?rest_route=\/wp\/v2\/pages\/78\/revisions\/80"}],"wp:attachment":[{"href":"https:\/\/consulsen-bordeaux.gouv.sn\/index.php?rest_route=%2Fwp%2Fv2%2Fmedia&parent=78"}],"curies":[{"name":"wp","href":"https:\/\/api.w.org\/{rel}","templated":true}]}}