{"id":81,"date":"2022-11-08T15:31:49","date_gmt":"2022-11-08T14:31:49","guid":{"rendered":"http:\/\/consulsen-bordeaux.gouv.sn\/?page_id=81"},"modified":"2022-11-08T15:31:49","modified_gmt":"2022-11-08T14:31:49","slug":"demande-dimmatriculation","status":"publish","type":"page","link":"https:\/\/consulsen-bordeaux.gouv.sn\/?page_id=81","title":{"rendered":"DEMANDE D&rsquo;IMMATRICULATION"},"content":{"rendered":"\n<p><strong>Demande d\u2019immatriculation pour enfant de moins de 5 ans<\/strong><\/p>\n\n\n\n<p><strong>LA DEMANDE D\u2019IMMATRICULATION PERMET \u00c0 L\u2019ENFANT DE MOINS DE 5 ANS PAS ENCORE \u00c9LIGIBLE \u00c0 LA CARTE D\u2019IDENTIT\u00c9 D\u2019OBTENIR UN NUM\u00c9RO D\u2019IDENTIFICATION NATIONALE AFIN D\u2019EFFECTUER UNE DEMANDE DE PASSEPORT.<\/strong><\/p>\n\n\n\n<p>Qui est concern\u00e9&nbsp;:<\/p>\n\n\n\n<p><strong>Tout ressortissant s\u00e9n\u00e9galais n\u2019ayant pas encore 5 ans<\/strong><br>Horaires&nbsp;:<\/p>\n\n\n\n<p><strong>Du lundi au vendredi de 9h \u00e0 17h<\/strong><br>Modalit\u00e9s&nbsp;:<\/p>\n\n\n\n<p>Il faut vous pr\u00e9senter sans RDV au service carte nationale d\u2019identit\u00e9 et d\u00e9poser les documents suivants\u00a0:<br>\u00a0\u2013 Un extrait de naissance transcrit de moins de 12 mois (Original)<br>\u00a0\u2013 La copie d\u2019une pi\u00e8ce d\u2019identit\u00e9 ou un passeport s\u00e9n\u00e9galais en cours de validit\u00e9 du p\u00e8re ou de la m\u00e8re.<br>D\u00e9lais\u00a0:<\/p>\n\n\n\n<p><strong>Il faut compter 1 mois pour obtenir le document.<\/strong><\/p>\n","protected":false},"excerpt":{"rendered":"<p>Demande d\u2019immatriculation pour enfant de moins de 5 ans LA DEMANDE D\u2019IMMATRICULATION PERMET \u00c0 L\u2019ENFANT DE MOINS DE 5 ANS PAS ENCORE \u00c9LIGIBLE \u00c0 LA CARTE D\u2019IDENTIT\u00c9 D\u2019OBTENIR UN NUM\u00c9RO D\u2019IDENTIFICATION NATIONALE AFIN D\u2019EFFECTUER&#46;&#46;&#46;<\/p>\n","protected":false},"author":1,"featured_media":0,"parent":0,"menu_order":0,"comment_status":"closed","ping_status":"closed","template":"","meta":{"footnotes":""},"class_list":["post-81","page","type-page","status-publish","hentry"],"_links":{"self":[{"href":"https:\/\/consulsen-bordeaux.gouv.sn\/index.php?rest_route=\/wp\/v2\/pages\/81","targetHints":{"allow":["GET"]}}],"collection":[{"href":"https:\/\/consulsen-bordeaux.gouv.sn\/index.php?rest_route=\/wp\/v2\/pages"}],"about":[{"href":"https:\/\/consulsen-bordeaux.gouv.sn\/index.php?rest_route=\/wp\/v2\/types\/page"}],"author":[{"embeddable":true,"href":"https:\/\/consulsen-bordeaux.gouv.sn\/index.php?rest_route=\/wp\/v2\/users\/1"}],"replies":[{"embeddable":true,"href":"https:\/\/consulsen-bordeaux.gouv.sn\/index.php?rest_route=%2Fwp%2Fv2%2Fcomments&post=81"}],"version-history":[{"count":1,"href":"https:\/\/consulsen-bordeaux.gouv.sn\/index.php?rest_route=\/wp\/v2\/pages\/81\/revisions"}],"predecessor-version":[{"id":83,"href":"https:\/\/consulsen-bordeaux.gouv.sn\/index.php?rest_route=\/wp\/v2\/pages\/81\/revisions\/83"}],"wp:attachment":[{"href":"https:\/\/consulsen-bordeaux.gouv.sn\/index.php?rest_route=%2Fwp%2Fv2%2Fmedia&parent=81"}],"curies":[{"name":"wp","href":"https:\/\/api.w.org\/{rel}","templated":true}]}}